{"id":62,"date":"2025-03-25T11:15:09","date_gmt":"2025-03-25T10:15:09","guid":{"rendered":"https:\/\/ulucreative.audio\/?page_id=62"},"modified":"2025-06-23T10:02:27","modified_gmt":"2025-06-23T09:02:27","slug":"politica-de-privacidad","status":"publish","type":"page","link":"https:\/\/ulucreative.audio\/eu\/politica-de-privacidad\/","title":{"rendered":"Pol\u00edtica de privacidad"},"content":{"rendered":"<section class=\"l-section wpb_row height_auto\"><div class=\"l-section-h i-cf\"><div class=\"g-cols vc_row via_flex valign_top type_default stacking_default\"><div class=\"vc_col-sm-8 wpb_column vc_column_container\"><div class=\"vc_column-inner\"><div class=\"wpb_wrapper\"><div class=\"wpb_text_column\"><div class=\"wpb_wrapper\"><p><span>La presente pol\u00edtica de privacidad tiene por objeto informar sobre los tratamientos de datos personales en este sitio web y describir los derechos de asistencia a los interesados, de conformidad con el Reglamento (UE) 2016\/679 del Parlamento Europeo y del Consejo, de 27 de abril de 2016, relativo a la protecci\u00f3n de las personas f\u00edsicas en lo que respecta al tratamiento de datos personales y a la libre circulaci\u00f3n de estos datos, y la protecci\u00f3n de los datos personales y garant\u00eda de los derechos digitales, de conformidad con la Ley Org\u00e1nica 3\/2018, de 5 de diciembre.<\/span><\/p>\n<h3><span><strong>\u00bfQui\u00e9n es el responsable del tratamiento de sus datos personales?<\/strong><\/span><\/h3>\n<h4><span>ULU BRANDING<\/span><\/h4>\n<p><strong>NIF:<\/strong>B21791033<\/p>\n<p><strong>Direcci\u00f3n:<\/strong><br \/>\nCalle Maricara, 25 &#8211; 3\u00ba B<br \/>\n28021 Madrid<\/p>\n<p><strong>Tel\u00e9fono:<\/strong><span>\u00a0<a href=\"tel:676873404\">676 873 404<\/a><\/span><\/p>\n<p><strong>E-mail:<\/strong> <a href=\"mailto:creative@ulu.eus\">creative@ulu.eus<\/a><\/p>\n<p><strong>\u00bfCon qu\u00e9 finalidad recabamos sus datos?<\/strong><\/p>\n<p><span>ULU Branding <\/span><span>almacena estos datos con la finalidad de contactos comerciales.<br \/>\n<\/span><\/p>\n<p><strong>\u00bfDurante cu\u00e1nto tiempo se almacenan los datos?<\/strong><\/p>\n<p><span>Mientras no ordene que se retiren, sus datos se almacenar\u00e1n en el fichero de la base de datos de la p\u00e1gina web de ULU Branding <\/span><\/p>\n<p><strong>\u00bfQu\u00e9 nos legitima a utilizar sus datos?<\/strong><\/p>\n<p><span>La base legal para el tratamiento de los datos recabados a trav\u00e9s de la web <\/span><a href=\"http:\/\/www.ulu.eus\/\"><span>www.ulu.eus<\/span><\/a><span> de ULU Branding es la siguiente:<\/span><\/p>\n<ol>\n<li><span>a<strong>.\u00a0<\/strong>El consentimiento expreso que nos ha dado al inscribirse.<\/span><\/li>\n<\/ol>\n<p><strong>\u00bfA qui\u00e9n se le ceder\u00e1n sus datos?<\/strong><\/p>\n<p><span>ULU Branding <\/span><span>no pondr\u00e1 estos datos a disposici\u00f3n de terceros.<\/span><\/p>\n<p><strong>\u00bfCu\u00e1les son sus derechos cuando nos facilita sus datos personales?<\/strong><\/p>\n<p>La persona que proporcione sus datos podr\u00e1 ejercer los siguientes derechos sobre los mismos:<\/p>\n<p><span><em>Derecho de acceso:<\/em><\/span>\u00a0<span>La persona que facilite sus datos a ULU Branding podr\u00e1 solicitarle dichos datos para confirmar que est\u00e1 tratando sus datos personales.<\/span><\/p>\n<p><span><em>Derecho de rectificaci\u00f3n:<\/em><\/span><span> La persona que facilite sus datos podr\u00e1 solicitar la rectificaci\u00f3n de sus datos personales a ULU Branding , si estos no son correctos o no est\u00e1n completos.<\/span><\/p>\n<p><span><em>Derecho de supresi\u00f3n:<\/em><\/span><span> La persona que facilite sus datos podr\u00e1 solicitar a ULU Branding la supresi\u00f3n de sus datos personales, entre otros casos, cuando ya no sean necesarios para los objetivos para los que se recabaron. <\/span><\/p>\n<p><span><em>Derecho de oposici\u00f3n:<\/em><\/span><span> La persona que facilite sus datos puede oponerse a que ULU Branding trate sus datos personales. En ese caso, ULU Branding solo los conservar\u00e1 para hacer reclamaciones o para protegerse de ellas.<\/span><\/p>\n<p><span><em>Derecho a limitar el tratamiento:<\/em><\/span> <span>La persona que facilite sus datos puede solicitar a ULU Branding que no utilice sus datos personales de forma provisional y para usos espec\u00edficos. En ese caso, ULU Branding solo los conservar\u00e1 para hacer reclamaciones o para protegerse de ellas.<\/span><\/p>\n<p><span><em>Derecho a la portabilidad:<\/em><\/span>\u00a0<span>La persona que facilite sus datos podr\u00e1 solicitar a ULU Branding que facilite sus datos en un formato estructurado y de f\u00e1cil acceso. Del mismo modo, podr\u00e1 solicitarle que le entregue sus datos a otro responsable. <\/span><\/p>\n<p><span><em>Derecho a revocar el consentimiento:<\/em><\/span> <span>Si los datos personales se han obtenido con consentimiento expreso, la persona que facilite sus datos tendr\u00e1 derecho a revocar ese consentimiento en cualquier momento.<\/span><\/p>\n<p><span><em>Derecho a presentar reclamaciones:<\/em><\/span> <span>La persona que facilite sus datos tendr\u00e1 derecho a presentar una reclamaci\u00f3n ante la Agencia Espa\u00f1ola de Protecci\u00f3n de Datos, en particular si considera que el ejercicio de sus derechos no ha sido adecuado. Dicha reclamaci\u00f3n puede realizarse por v\u00eda telem\u00e1tica, a trav\u00e9s de la sede electr\u00f3nica (<\/span><a href=\"http:\/\/www.agpd.es\/\"><span>www.agpd.es<\/span><\/a><span>) o dirigi\u00e9ndose a la siguiente direcci\u00f3n (C\/ Jorge Juan, 6, 28001-Madrid)<\/span><\/p>\n<p><span>Para ejercer cualquiera de estos derechos, la persona que facilite sus datos puede dirigirse a la direcci\u00f3n postal o la direcci\u00f3n electr\u00f3nica de ULU Branding , presentando una copia del DNI para poder comprobar su identidad. <\/span><\/p>\n<\/div><\/div><\/div><\/div><\/div><div class=\"vc_col-sm-4 wpb_column vc_column_container\"><div class=\"vc_column-inner\"><div class=\"wpb_wrapper\"><\/div><\/div><\/div><\/div><\/div><\/section>\n","protected":false},"excerpt":{"rendered":"La presente pol\u00edtica de privacidad tiene por objeto informar sobre los tratamientos de datos personales en este sitio web y describir los derechos de asistencia a los interesados, de conformidad con el Reglamento (UE) 2016\/679 del Parlamento Europeo y del Consejo, de 27 de abril de 2016, relativo a la protecci\u00f3n de las personas f\u00edsicas...","protected":false},"author":1,"featured_media":0,"parent":0,"menu_order":0,"comment_status":"closed","ping_status":"closed","template":"","meta":{"_acf_changed":false,"footnotes":""},"class_list":["post-62","page","type-page","status-publish","hentry"],"acf":[],"yoast_head":"<!-- This site is optimized with the Yoast SEO plugin v27.5 - https:\/\/yoast.com\/product\/yoast-seo-wordpress\/ -->\n<title>Pol\u00edtica de privacidad - ULU Creative<\/title>\n<meta name=\"robots\" content=\"index, follow, max-snippet:-1, max-image-preview:large, max-video-preview:-1\" \/>\n<link rel=\"canonical\" href=\"https:\/\/ulucreative.audio\/eu\/politica-de-privacidad\/\" \/>\n<meta property=\"og:locale\" content=\"en_US\" \/>\n<meta property=\"og:type\" content=\"article\" \/>\n<meta property=\"og:title\" content=\"Pol\u00edtica de privacidad - ULU Creative\" \/>\n<meta property=\"og:url\" content=\"https:\/\/ulucreative.audio\/eu\/politica-de-privacidad\/\" \/>\n<meta property=\"og:site_name\" content=\"ULU Creative\" \/>\n<meta property=\"article:modified_time\" content=\"2025-06-23T09:02:27+00:00\" \/>\n<meta name=\"twitter:card\" content=\"summary_large_image\" \/>\n<meta name=\"twitter:label1\" content=\"Est. reading time\" \/>\n\t<meta name=\"twitter:data1\" content=\"3 minutua\" \/>\n<script type=\"application\/ld+json\" class=\"yoast-schema-graph\">{\"@context\":\"https:\\\/\\\/schema.org\",\"@graph\":[{\"@type\":\"WebPage\",\"@id\":\"https:\\\/\\\/ulucreative.audio\\\/eu\\\/politica-de-privacidad\\\/\",\"url\":\"https:\\\/\\\/ulucreative.audio\\\/eu\\\/politica-de-privacidad\\\/\",\"name\":\"Pol\u00edtica de privacidad - ULU Creative\",\"isPartOf\":{\"@id\":\"https:\\\/\\\/ulucreative.audio\\\/#website\"},\"datePublished\":\"2025-03-25T10:15:09+00:00\",\"dateModified\":\"2025-06-23T09:02:27+00:00\",\"breadcrumb\":{\"@id\":\"https:\\\/\\\/ulucreative.audio\\\/eu\\\/politica-de-privacidad\\\/#breadcrumb\"},\"inLanguage\":\"eu\",\"potentialAction\":[{\"@type\":\"ReadAction\",\"target\":[\"https:\\\/\\\/ulucreative.audio\\\/eu\\\/politica-de-privacidad\\\/\"]}]},{\"@type\":\"BreadcrumbList\",\"@id\":\"https:\\\/\\\/ulucreative.audio\\\/eu\\\/politica-de-privacidad\\\/#breadcrumb\",\"itemListElement\":[{\"@type\":\"ListItem\",\"position\":1,\"name\":\"Home\",\"item\":\"https:\\\/\\\/ulucreative.audio\\\/eu\\\/home\\\/\"},{\"@type\":\"ListItem\",\"position\":2,\"name\":\"Pol\u00edtica de privacidad\"}]},{\"@type\":\"WebSite\",\"@id\":\"https:\\\/\\\/ulucreative.audio\\\/#website\",\"url\":\"https:\\\/\\\/ulucreative.audio\\\/\",\"name\":\"ULU Creative\",\"description\":\"Audio ideas for brands\",\"publisher\":{\"@id\":\"https:\\\/\\\/ulucreative.audio\\\/#organization\"},\"potentialAction\":[{\"@type\":\"SearchAction\",\"target\":{\"@type\":\"EntryPoint\",\"urlTemplate\":\"https:\\\/\\\/ulucreative.audio\\\/?s={search_term_string}\"},\"query-input\":{\"@type\":\"PropertyValueSpecification\",\"valueRequired\":true,\"valueName\":\"search_term_string\"}}],\"inLanguage\":\"eu\"},{\"@type\":\"Organization\",\"@id\":\"https:\\\/\\\/ulucreative.audio\\\/#organization\",\"name\":\"ULU Creative\",\"url\":\"https:\\\/\\\/ulucreative.audio\\\/\",\"logo\":{\"@type\":\"ImageObject\",\"inLanguage\":\"eu\",\"@id\":\"https:\\\/\\\/ulucreative.audio\\\/#\\\/schema\\\/logo\\\/image\\\/\",\"url\":\"https:\\\/\\\/ulucreative.audio\\\/wp-content\\\/uploads\\\/sites\\\/2\\\/2025\\\/04\\\/ulu-creative-ver.png\",\"contentUrl\":\"https:\\\/\\\/ulucreative.audio\\\/wp-content\\\/uploads\\\/sites\\\/2\\\/2025\\\/04\\\/ulu-creative-ver.png\",\"width\":676,\"height\":610,\"caption\":\"ULU Creative\"},\"image\":{\"@id\":\"https:\\\/\\\/ulucreative.audio\\\/#\\\/schema\\\/logo\\\/image\\\/\"},\"sameAs\":[\"https:\\\/\\\/www.instagram.com\\\/ulu.creative\\\/\"]}]}<\/script>\n<!-- \/ Yoast SEO plugin. -->","yoast_head_json":{"title":"Pol\u00edtica de privacidad - ULU Creative","robots":{"index":"index","follow":"follow","max-snippet":"max-snippet:-1","max-image-preview":"max-image-preview:large","max-video-preview":"max-video-preview:-1"},"canonical":"https:\/\/ulucreative.audio\/eu\/politica-de-privacidad\/","og_locale":"en_US","og_type":"article","og_title":"Pol\u00edtica de privacidad - ULU Creative","og_url":"https:\/\/ulucreative.audio\/eu\/politica-de-privacidad\/","og_site_name":"ULU Creative","article_modified_time":"2025-06-23T09:02:27+00:00","twitter_card":"summary_large_image","twitter_misc":{"Est. reading time":"3 minutua"},"schema":{"@context":"https:\/\/schema.org","@graph":[{"@type":"WebPage","@id":"https:\/\/ulucreative.audio\/eu\/politica-de-privacidad\/","url":"https:\/\/ulucreative.audio\/eu\/politica-de-privacidad\/","name":"Pol\u00edtica de privacidad - ULU Creative","isPartOf":{"@id":"https:\/\/ulucreative.audio\/#website"},"datePublished":"2025-03-25T10:15:09+00:00","dateModified":"2025-06-23T09:02:27+00:00","breadcrumb":{"@id":"https:\/\/ulucreative.audio\/eu\/politica-de-privacidad\/#breadcrumb"},"inLanguage":"eu","potentialAction":[{"@type":"ReadAction","target":["https:\/\/ulucreative.audio\/eu\/politica-de-privacidad\/"]}]},{"@type":"BreadcrumbList","@id":"https:\/\/ulucreative.audio\/eu\/politica-de-privacidad\/#breadcrumb","itemListElement":[{"@type":"ListItem","position":1,"name":"Home","item":"https:\/\/ulucreative.audio\/eu\/home\/"},{"@type":"ListItem","position":2,"name":"Pol\u00edtica de privacidad"}]},{"@type":"WebSite","@id":"https:\/\/ulucreative.audio\/#website","url":"https:\/\/ulucreative.audio\/","name":"ULU Creative","description":"Audio ideas for brands","publisher":{"@id":"https:\/\/ulucreative.audio\/#organization"},"potentialAction":[{"@type":"SearchAction","target":{"@type":"EntryPoint","urlTemplate":"https:\/\/ulucreative.audio\/?s={search_term_string}"},"query-input":{"@type":"PropertyValueSpecification","valueRequired":true,"valueName":"search_term_string"}}],"inLanguage":"eu"},{"@type":"Organization","@id":"https:\/\/ulucreative.audio\/#organization","name":"ULU Creative","url":"https:\/\/ulucreative.audio\/","logo":{"@type":"ImageObject","inLanguage":"eu","@id":"https:\/\/ulucreative.audio\/#\/schema\/logo\/image\/","url":"https:\/\/ulucreative.audio\/wp-content\/uploads\/sites\/2\/2025\/04\/ulu-creative-ver.png","contentUrl":"https:\/\/ulucreative.audio\/wp-content\/uploads\/sites\/2\/2025\/04\/ulu-creative-ver.png","width":676,"height":610,"caption":"ULU Creative"},"image":{"@id":"https:\/\/ulucreative.audio\/#\/schema\/logo\/image\/"},"sameAs":["https:\/\/www.instagram.com\/ulu.creative\/"]}]}},"_links":{"self":[{"href":"https:\/\/ulucreative.audio\/eu\/wp-json\/wp\/v2\/pages\/62","targetHints":{"allow":["GET"]}}],"collection":[{"href":"https:\/\/ulucreative.audio\/eu\/wp-json\/wp\/v2\/pages"}],"about":[{"href":"https:\/\/ulucreative.audio\/eu\/wp-json\/wp\/v2\/types\/page"}],"author":[{"embeddable":true,"href":"https:\/\/ulucreative.audio\/eu\/wp-json\/wp\/v2\/users\/1"}],"replies":[{"embeddable":true,"href":"https:\/\/ulucreative.audio\/eu\/wp-json\/wp\/v2\/comments?post=62"}],"version-history":[{"count":11,"href":"https:\/\/ulucreative.audio\/eu\/wp-json\/wp\/v2\/pages\/62\/revisions"}],"predecessor-version":[{"id":841,"href":"https:\/\/ulucreative.audio\/eu\/wp-json\/wp\/v2\/pages\/62\/revisions\/841"}],"wp:attachment":[{"href":"https:\/\/ulucreative.audio\/eu\/wp-json\/wp\/v2\/media?parent=62"}],"curies":[{"name":"wp","href":"https:\/\/api.w.org\/{rel}","templated":true}]}}